{"id":197,"date":"2021-12-06T10:56:59","date_gmt":"2021-12-06T09:56:59","guid":{"rendered":"https:\/\/equivabien.fr\/?page_id=197"},"modified":"2022-10-14T14:56:20","modified_gmt":"2022-10-14T12:56:20","slug":"chaine-youtube","status":"publish","type":"page","link":"https:\/\/equivabien.fr\/?page_id=197","title":{"rendered":"Emission"},"content":{"rendered":"\n<p>J&rsquo;ai pour projet de vous proposer du contenu sur le bien-\u00eatre r\u00e9ciproque dans nos relations avec les animaux sur ma cha\u00eene Youtube et aussi dans une \u00e9mission radio. En attendant la r\u00e9alisation de tout ceci, vous pouvez d\u00e9j\u00e0 vous abonner \u00e0 ma cha\u00eene Youtube (ainsi vous serez averti du lancement des \u00e9missions) :<\/p>\n\n\n\n<div class=\"wp-container-1 is-content-justification-center wp-block-buttons\">\n<div class=\"wp-block-button\"><a class=\"wp-block-button__link\" href=\"https:\/\/www.youtube.com\/channel\/UCKjXo72PHfTdGI0pNmMZCkA\" target=\"_blank\" rel=\"noreferrer noopener\">C\u00e9cile Equivabien<\/a><\/div>\n<\/div>\n\n\n\n<p><\/p>\n","protected":false},"excerpt":{"rendered":"<p>J&rsquo;ai pour projet de vous proposer du contenu sur le bien-\u00eatre r\u00e9ciproque dans nos relations avec les animaux sur ma cha\u00eene Youtube et aussi dans une \u00e9mission radio. En attendant la r\u00e9alisation de tout ceci, vous pouvez d\u00e9j\u00e0 vous abonner \u00e0 ma cha\u00eene Youtube (ainsi vous serez averti du lancement des \u00e9missions) :<\/p>\n","protected":false},"author":1,"featured_media":0,"parent":0,"menu_order":0,"comment_status":"closed","ping_status":"closed","template":"","meta":[],"_links":{"self":[{"href":"https:\/\/equivabien.fr\/index.php?rest_route=\/wp\/v2\/pages\/197"}],"collection":[{"href":"https:\/\/equivabien.fr\/index.php?rest_route=\/wp\/v2\/pages"}],"about":[{"href":"https:\/\/equivabien.fr\/index.php?rest_route=\/wp\/v2\/types\/page"}],"author":[{"embeddable":true,"href":"https:\/\/equivabien.fr\/index.php?rest_route=\/wp\/v2\/users\/1"}],"replies":[{"embeddable":true,"href":"https:\/\/equivabien.fr\/index.php?rest_route=%2Fwp%2Fv2%2Fcomments&post=197"}],"version-history":[{"count":7,"href":"https:\/\/equivabien.fr\/index.php?rest_route=\/wp\/v2\/pages\/197\/revisions"}],"predecessor-version":[{"id":279,"href":"https:\/\/equivabien.fr\/index.php?rest_route=\/wp\/v2\/pages\/197\/revisions\/279"}],"wp:attachment":[{"href":"https:\/\/equivabien.fr\/index.php?rest_route=%2Fwp%2Fv2%2Fmedia&parent=197"}],"curies":[{"name":"wp","href":"https:\/\/api.w.org\/{rel}","templated":true}]}}