{"id":47,"date":"2019-04-13T04:20:10","date_gmt":"2019-04-13T02:20:10","guid":{"rendered":"http:\/\/equivabien.fr\/?page_id=47"},"modified":"2022-10-13T11:06:06","modified_gmt":"2022-10-13T09:06:06","slug":"equicoaching","status":"publish","type":"page","link":"https:\/\/equivabien.fr\/?page_id=47","title":{"rendered":"S\u00e9ances d&rsquo;accompagnement"},"content":{"rendered":"\n<p>Vous rencontrez une difficult\u00e9 avec un animal dont vous avez la garde ou avec lequel vous \u00eates en contact r\u00e9guli\u00e8rement ?<\/p>\n\n\n\n<p>Cette difficult\u00e9 peut-\u00eatre un probl\u00e8me de comportement, un soucis de sant\u00e9, un probl\u00e8me relationnel, une maladie grave ou un deuil. Je vous propose de ne pas rester seul(e) avec cette probl\u00e9matique et donc de vous accompagner lors d&rsquo;une s\u00e9ance en visioconf\u00e9rence.<\/p>\n\n\n\n<figure class=\"wp-block-image aligncenter size-thumbnail\"><img loading=\"lazy\" width=\"150\" height=\"150\" src=\"https:\/\/equivabien.fr\/wp-content\/uploads\/2020\/11\/photosite-1-150x150.jpg\" alt=\"\" class=\"wp-image-139\" srcset=\"https:\/\/equivabien.fr\/wp-content\/uploads\/2020\/11\/photosite-1-150x150.jpg 150w, https:\/\/equivabien.fr\/wp-content\/uploads\/2020\/11\/photosite-1-100x100.jpg 100w\" sizes=\"(max-width: 150px) 100vw, 150px\" \/><\/figure>\n\n\n\n<p>Mon objectif est de vous apporter une \u00e9coute soutenante et constructive. Je souhaite vous aider \u00e0 traverser cette \u00e9tape pour qu&rsquo;elle vous permette d&rsquo;\u00e9voluer vers un mieux-\u00eatre en vous appuyant sur vos ressources personnelles. <br>Si besoin, je peux vous d\u00e9livrer des informations mais mon intention est avant tout de vous aider \u00e0 d\u00e9velopper vos qualit\u00e9s et capacit\u00e9s en cherchant la solution qui vous correspond dans votre cheminement avec l&rsquo;animal concern\u00e9.<\/p>\n\n\n\n<p>Pour l&rsquo;instant, je continue ma formation et je propose ces s\u00e9ances b\u00e9n\u00e9volement dans le cadre d&rsquo;une association.<\/p>\n\n\n\n<div class=\"wp-container-1 is-horizontal is-content-justification-center wp-block-buttons\">\n<div class=\"wp-block-button\"><a class=\"wp-block-button__link\" href=\"https:\/\/calendly.com\/equivabien\/40min\" target=\"_blank\" rel=\"noreferrer noopener\">Prendre rendez vous<\/a><\/div>\n<\/div>\n\n\n\n<p> Les s\u00e9ances se d\u00e9roulent sur zoom. Il s&rsquo;agit d&rsquo;un logiciel gratuit \u00e0 installer au pr\u00e9alable si vous ne l&rsquo;avez pas :<\/p>\n\n\n\n<div class=\"wp-container-2 is-content-justification-center wp-block-buttons\">\n<div class=\"wp-block-button\"><a class=\"wp-block-button__link\" href=\"https:\/\/zoom.us\/download#client_4meeting\" target=\"_blank\" rel=\"noreferrer noopener\">Installer Zoom<\/a><\/div>\n<\/div>\n\n\n\n<p><\/p>\n","protected":false},"excerpt":{"rendered":"<p>Vous rencontrez une difficult\u00e9 avec un animal dont vous avez la garde ou avec lequel vous \u00eates en contact r\u00e9guli\u00e8rement ? Cette difficult\u00e9 peut-\u00eatre un probl\u00e8me de comportement, un soucis de sant\u00e9, un probl\u00e8me relationnel, une maladie grave ou un deuil. Je vous propose de ne pas rester seul(e) avec cette probl\u00e9matique et donc de [&hellip;]<\/p>\n","protected":false},"author":1,"featured_media":0,"parent":0,"menu_order":0,"comment_status":"closed","ping_status":"closed","template":"","meta":[],"_links":{"self":[{"href":"https:\/\/equivabien.fr\/index.php?rest_route=\/wp\/v2\/pages\/47"}],"collection":[{"href":"https:\/\/equivabien.fr\/index.php?rest_route=\/wp\/v2\/pages"}],"about":[{"href":"https:\/\/equivabien.fr\/index.php?rest_route=\/wp\/v2\/types\/page"}],"author":[{"embeddable":true,"href":"https:\/\/equivabien.fr\/index.php?rest_route=\/wp\/v2\/users\/1"}],"replies":[{"embeddable":true,"href":"https:\/\/equivabien.fr\/index.php?rest_route=%2Fwp%2Fv2%2Fcomments&post=47"}],"version-history":[{"count":28,"href":"https:\/\/equivabien.fr\/index.php?rest_route=\/wp\/v2\/pages\/47\/revisions"}],"predecessor-version":[{"id":280,"href":"https:\/\/equivabien.fr\/index.php?rest_route=\/wp\/v2\/pages\/47\/revisions\/280"}],"wp:attachment":[{"href":"https:\/\/equivabien.fr\/index.php?rest_route=%2Fwp%2Fv2%2Fmedia&parent=47"}],"curies":[{"name":"wp","href":"https:\/\/api.w.org\/{rel}","templated":true}]}}